{"id":1110,"date":"2019-01-28T14:35:59","date_gmt":"2019-01-28T13:35:59","guid":{"rendered":"https:\/\/test.nounou-expert.fr\/homepage\/"},"modified":"2019-12-11T12:27:33","modified_gmt":"2019-12-11T11:27:33","slug":"homepage","status":"publish","type":"page","link":"https:\/\/test.nounou-expert.fr\/nounou\/","title":{"rendered":"Accueil nounous"},"content":{"rendered":"\r\n<p>Ceci est une page d\u2019exemple. C\u2019est diff\u00e9rent d\u2019un article de blog parce qu\u2019elle restera au m\u00eame endroit et appara\u00eetra dans la navigation de votre site (dans la plupart des th\u00e8mes). La plupart des gens commencent par une page \u00ab\u00a0\u00c0 propos\u00a0\u00bb qui les pr\u00e9sente aux visiteurs du site. Cela pourrait ressembler \u00e0 quelque chose comme cela\u00a0:<\/p>\r\n\r\n\r\n\r\n<blockquote class=\"wp-block-quote is-layout-flow wp-block-quote-is-layout-flow\">\r\n<p>Bonjour\u00a0! Je suis un m\u00e9canicien qui aspire \u00e0 devenir acteur, et voici mon site. J\u2019habite \u00e0 Bordeaux, j\u2019ai un super chien baptis\u00e9 Russell, et j\u2019aime la vodka-ananas (ainsi qu\u2019\u00eatre surpris par la pluie soudaine lors de longues balades sur la plage au coucher du soleil).<\/p>\r\n<\/blockquote>\r\n\r\n\r\n\r\n<p>&#8230; ou quelque chose comme cela\u00a0:<\/p>\r\n\r\n\r\n\r\n<blockquote class=\"wp-block-quote is-layout-flow wp-block-quote-is-layout-flow\">\r\n<p>La soci\u00e9t\u00e9 123 Machin Truc a \u00e9t\u00e9 cr\u00e9\u00e9e en 1971, et n\u2019a cess\u00e9 de proposer au public des machins-trucs de qualit\u00e9 depuis lors. Situ\u00e9e \u00e0 Saint-Remy-en-Bouzemont-Saint-Genest-et-Isson, 123 Machin Truc emploie 2 000 personnes, et fabrique toutes sortes de bidules super pour la communaut\u00e9 bouzemontoise.<\/p>\r\n<\/blockquote>\r\n\r\n\r\n\r\n<p>En tant que nouvel\u00b7le utilisateur ou utilisatrice de WordPress, vous devriez vous rendre sur <a href=\"https:\/\/test.nounou-expert.frwp-admin\/\">votre tableau de bord<\/a> pour supprimer cette page et cr\u00e9er de nouvelles pages pour votre contenu. Amusez-vous bien\u00a0!<\/p>\r\n","protected":false},"excerpt":{"rendered":"<p>Ceci est une page d\u2019exemple. C\u2019est diff\u00e9rent d\u2019un article de blog parce qu\u2019elle restera au m\u00eame endroit et appara\u00eetra dans la navigation de votre site (dans la plupart des th\u00e8mes). La plupart des gens commencent par une page \u00ab\u00a0\u00c0 propos\u00a0\u00bb qui les pr\u00e9sente aux visiteurs du site. Cela pourrait ressembler \u00e0 quelque chose comme cela\u00a0: [&hellip;]<\/p>\n","protected":false},"author":1,"featured_media":0,"parent":0,"menu_order":0,"comment_status":"closed","ping_status":"open","template":"","meta":{"footnotes":""},"acf":[],"yoast_head":"<title>Nounou recherche garde d&#039;enfant : Annonces nounou<\/title>\n<meta name=\"description\" content=\"Vous \u00eates passion\u00e9e par la garde d&#039;enfant et vous recherchez un enfant \u00e0 accompagner ? D\u00e9posez votre candidature sur Nounou Expert et nous vous mettons en relation avec des familles.\" \/>\n<meta name=\"robots\" content=\"index, follow, max-snippet:-1, max-image-preview:large, max-video-preview:-1\" \/>\n<link rel=\"canonical\" href=\"https:\/\/test.nounou-expert.fr\/nounou\/\" \/>\n<meta property=\"og:locale\" content=\"en_US\" \/>\n<meta property=\"og:type\" content=\"article\" \/>\n<meta property=\"og:title\" content=\"Nounou recherche garde d&#039;enfant : Annonces nounou\" \/>\n<meta property=\"og:description\" content=\"Vous \u00eates passion\u00e9e par la garde d&#039;enfant et vous recherchez un enfant \u00e0 accompagner ? D\u00e9posez votre candidature sur Nounou Expert et nous vous mettons en relation avec des familles.\" \/>\n<meta property=\"og:url\" content=\"https:\/\/test.nounou-expert.fr\/nounou\/\" \/>\n<meta property=\"og:site_name\" content=\"Nounou Expert\" \/>\n<meta property=\"article:publisher\" content=\"https:\/\/fr-fr.facebook.com\/O2careservices\/\" \/>\n<meta property=\"article:modified_time\" content=\"2019-12-11T11:27:33+00:00\" \/>\n<meta name=\"twitter:card\" content=\"summary_large_image\" \/>\n<meta name=\"twitter:site\" content=\"@o2careservices\" \/>\n<meta name=\"twitter:label1\" content=\"Est. reading time\" \/>\n\t<meta name=\"twitter:data1\" content=\"1 minute\" \/>\n<script type=\"application\/ld+json\" class=\"yoast-schema-graph\">{\"@context\":\"https:\/\/schema.org\",\"@graph\":[{\"@type\":\"WebPage\",\"@id\":\"https:\/\/test.nounou-expert.fr\/nounou\/\",\"url\":\"https:\/\/test.nounou-expert.fr\/nounou\/\",\"name\":\"Nounou recherche garde d'enfant : Annonces nounou\",\"isPartOf\":{\"@id\":\"https:\/\/test.nounou-expert.fr\/#website\"},\"datePublished\":\"2019-01-28T13:35:59+00:00\",\"dateModified\":\"2019-12-11T11:27:33+00:00\",\"description\":\"Vous \u00eates passion\u00e9e par la garde d'enfant et vous recherchez un enfant \u00e0 accompagner ? D\u00e9posez votre candidature sur Nounou Expert et nous vous mettons en relation avec des familles.\",\"inLanguage\":\"nounou\",\"potentialAction\":[{\"@type\":\"ReadAction\",\"target\":[\"https:\/\/test.nounou-expert.fr\/nounou\/\"]}]},{\"@type\":\"WebSite\",\"@id\":\"https:\/\/test.nounou-expert.fr\/#website\",\"url\":\"https:\/\/test.nounou-expert.fr\/\",\"name\":\"Nounou Expert\",\"description\":\"Un site utilisant WordPress\",\"potentialAction\":[{\"@type\":\"SearchAction\",\"target\":{\"@type\":\"EntryPoint\",\"urlTemplate\":\"https:\/\/test.nounou-expert.fr\/?s={search_term_string}\"},\"query-input\":\"required name=search_term_string\"}],\"inLanguage\":\"nounou\"}]}<\/script>","yoast_head_json":{"title":"Nounou recherche garde d'enfant : Annonces nounou","description":"Vous \u00eates passion\u00e9e par la garde d'enfant et vous recherchez un enfant \u00e0 accompagner ? D\u00e9posez votre candidature sur Nounou Expert et nous vous mettons en relation avec des familles.","robots":{"index":"index","follow":"follow","max-snippet":"max-snippet:-1","max-image-preview":"max-image-preview:large","max-video-preview":"max-video-preview:-1"},"canonical":"https:\/\/test.nounou-expert.fr\/nounou\/","og_locale":"en_US","og_type":"article","og_title":"Nounou recherche garde d'enfant : Annonces nounou","og_description":"Vous \u00eates passion\u00e9e par la garde d'enfant et vous recherchez un enfant \u00e0 accompagner ? D\u00e9posez votre candidature sur Nounou Expert et nous vous mettons en relation avec des familles.","og_url":"https:\/\/test.nounou-expert.fr\/nounou\/","og_site_name":"Nounou Expert","article_publisher":"https:\/\/fr-fr.facebook.com\/O2careservices\/","article_modified_time":"2019-12-11T11:27:33+00:00","twitter_card":"summary_large_image","twitter_site":"@o2careservices","twitter_misc":{"Est. reading time":"1 minute"},"schema":{"@context":"https:\/\/schema.org","@graph":[{"@type":"WebPage","@id":"https:\/\/test.nounou-expert.fr\/nounou\/","url":"https:\/\/test.nounou-expert.fr\/nounou\/","name":"Nounou recherche garde d'enfant : Annonces nounou","isPartOf":{"@id":"https:\/\/test.nounou-expert.fr\/#website"},"datePublished":"2019-01-28T13:35:59+00:00","dateModified":"2019-12-11T11:27:33+00:00","description":"Vous \u00eates passion\u00e9e par la garde d'enfant et vous recherchez un enfant \u00e0 accompagner ? D\u00e9posez votre candidature sur Nounou Expert et nous vous mettons en relation avec des familles.","inLanguage":"nounou","potentialAction":[{"@type":"ReadAction","target":["https:\/\/test.nounou-expert.fr\/nounou\/"]}]},{"@type":"WebSite","@id":"https:\/\/test.nounou-expert.fr\/#website","url":"https:\/\/test.nounou-expert.fr\/","name":"Nounou Expert","description":"Un site utilisant WordPress","potentialAction":[{"@type":"SearchAction","target":{"@type":"EntryPoint","urlTemplate":"https:\/\/test.nounou-expert.fr\/?s={search_term_string}"},"query-input":"required name=search_term_string"}],"inLanguage":"nounou"}]}},"_links":{"self":[{"href":"https:\/\/test.nounou-expert.fr\/nounou\/wp-json\/wp\/v2\/pages\/1110"}],"collection":[{"href":"https:\/\/test.nounou-expert.fr\/nounou\/wp-json\/wp\/v2\/pages"}],"about":[{"href":"https:\/\/test.nounou-expert.fr\/nounou\/wp-json\/wp\/v2\/types\/page"}],"author":[{"embeddable":true,"href":"https:\/\/test.nounou-expert.fr\/nounou\/wp-json\/wp\/v2\/users\/1"}],"replies":[{"embeddable":true,"href":"https:\/\/test.nounou-expert.fr\/nounou\/wp-json\/wp\/v2\/comments?post=1110"}],"version-history":[{"count":3,"href":"https:\/\/test.nounou-expert.fr\/nounou\/wp-json\/wp\/v2\/pages\/1110\/revisions"}],"predecessor-version":[{"id":3415,"href":"https:\/\/test.nounou-expert.fr\/nounou\/wp-json\/wp\/v2\/pages\/1110\/revisions\/3415"}],"wp:attachment":[{"href":"https:\/\/test.nounou-expert.fr\/nounou\/wp-json\/wp\/v2\/media?parent=1110"}],"curies":[{"name":"wp","href":"https:\/\/api.w.org\/{rel}","templated":true}]}}